{"id":70,"date":"2018-08-22T11:41:15","date_gmt":"2018-08-22T11:41:15","guid":{"rendered":"http:\/\/sozialforum-bautzen.de\/?page_id=70"},"modified":"2025-10-05T15:12:55","modified_gmt":"2025-10-05T13:12:55","slug":"sozialforum-bautzen","status":"publish","type":"page","link":"http:\/\/sozialforum-bautzen.de\/?page_id=70","title":{"rendered":"Sozialforum Bautzen"},"content":{"rendered":"<p>Das Sozialforum in Bautzen ist ein unabh\u00e4ngiges Netzwerk, das sozial und politisch interessierten und engagierten Menschen, Vereinen, Organisationen in Bautzen und Umgebung einen offenen Raum der Begegnung zum Nachdenken, zum Debattieren, zum Austausch von Erfahrungen und Ideen, zur Gestaltung von Aktionen bietet.<\/p>\n<p>Es entstand 2008 aus der Attac-Ortsgruppe Bautzen und versteht sich als regionaler Teil des Weltsozialforums.<\/p>\n<p>Wir arbeiten in verschiedenen Initiativen und Gruppen.<\/p>\n<p>Der Stammtisch Kritisches Denken, der aus dem ehemaligen monatlichen Stammtisch entwickelt wurde, pflegt eine offene Diskussion zu gesellschaftlich relevanten Themen, erarbeitet Alternativvorschl\u00e4ge und entwickelt neue Projekte f\u00fcr und mit der \u00d6ffentlichkeit. Die Initiativen informieren \u00fcber ihre Vorhaben.<\/p>\n<p>B\u00fcrgerInnen, die an der Gestaltung einer gemeinwohlorientierten Gesellschaft verantwortungsvoll mitarbeiten wollen, sind immer herzlich willkommen.<\/p>\n<p>Einmal j\u00e4hrlich fand bis 2020 das Regionale Sozialforum in Bautzen statt, das allen interessierten Mitb\u00fcrgern die M\u00f6glichkeit bott, an einem zentralen Thema gemeinsam zu arbeiten.<\/p>\n<p>Unsere Arbeit beruht auf den Prinzipien der <a href=\"https:\/\/erdcharta.de\/\">Erd-Charta<\/a><\/p>\n<p>Themen und Materialien der bisherigen Sozialforen finden sich unter der Rubrik &#8222;Dokumentationen&#8220;<\/p>\n","protected":false},"excerpt":{"rendered":"<p>Das Sozialforum in Bautzen ist ein unabh\u00e4ngiges Netzwerk, das sozial und politisch interessierten und engagierten Menschen, Vereinen, Organisationen in Bautzen und Umgebung einen offenen Raum der Begegnung zum Nachdenken, zum Debattieren, zum Austausch von Erfahrungen und Ideen, zur Gestaltung von Aktionen bietet. Es entstand 2008 aus der Attac-Ortsgruppe Bautzen und versteht sich als regionaler Teil<\/p>\n<p><a href=\"http:\/\/sozialforum-bautzen.de\/?page_id=70\" class=\"more-link\">Weiterlesen<\/a><\/p>\n","protected":false},"author":1,"featured_media":0,"parent":0,"menu_order":0,"comment_status":"closed","ping_status":"closed","template":"","meta":{"footnotes":""},"class_list":["post-70","page","type-page","status-publish","hentry"],"_links":{"self":[{"href":"http:\/\/sozialforum-bautzen.de\/index.php?rest_route=\/wp\/v2\/pages\/70","targetHints":{"allow":["GET"]}}],"collection":[{"href":"http:\/\/sozialforum-bautzen.de\/index.php?rest_route=\/wp\/v2\/pages"}],"about":[{"href":"http:\/\/sozialforum-bautzen.de\/index.php?rest_route=\/wp\/v2\/types\/page"}],"author":[{"embeddable":true,"href":"http:\/\/sozialforum-bautzen.de\/index.php?rest_route=\/wp\/v2\/users\/1"}],"replies":[{"embeddable":true,"href":"http:\/\/sozialforum-bautzen.de\/index.php?rest_route=%2Fwp%2Fv2%2Fcomments&post=70"}],"version-history":[{"count":6,"href":"http:\/\/sozialforum-bautzen.de\/index.php?rest_route=\/wp\/v2\/pages\/70\/revisions"}],"predecessor-version":[{"id":308,"href":"http:\/\/sozialforum-bautzen.de\/index.php?rest_route=\/wp\/v2\/pages\/70\/revisions\/308"}],"wp:attachment":[{"href":"http:\/\/sozialforum-bautzen.de\/index.php?rest_route=%2Fwp%2Fv2%2Fmedia&parent=70"}],"curies":[{"name":"wp","href":"https:\/\/api.w.org\/{rel}","templated":true}]}}